{"id":2853,"date":"2018-06-07T22:30:20","date_gmt":"2018-06-07T20:30:20","guid":{"rendered":"http:\/\/etudes-woolfiennes.org\/?page_id=2853"},"modified":"2024-04-22T20:35:00","modified_gmt":"2024-04-22T18:35:00","slug":"fonds-adolphe-haberer-paris-3","status":"publish","type":"page","link":"https:\/\/etudes-woolfiennes.org\/?page_id=2853","title":{"rendered":"Fonds Adolphe Haberer &#8211; Paris 3"},"content":{"rendered":"\n<figure class=\"wp-block-image aligncenter is-resized\"><img loading=\"lazy\" decoding=\"async\" width=\"1500\" height=\"500\" src=\"https:\/\/etudes-woolfiennes.org\/wp-content\/uploads\/2018\/06\/Header-6-Fonds-Adolphe-Haberer.png\" alt=\"\" class=\"wp-image-2862\" style=\"width:665px;height:auto\" srcset=\"https:\/\/etudes-woolfiennes.org\/wp-content\/uploads\/2018\/06\/Header-6-Fonds-Adolphe-Haberer.png 1500w, https:\/\/etudes-woolfiennes.org\/wp-content\/uploads\/2018\/06\/Header-6-Fonds-Adolphe-Haberer-300x100.png 300w, https:\/\/etudes-woolfiennes.org\/wp-content\/uploads\/2018\/06\/Header-6-Fonds-Adolphe-Haberer-768x256.png 768w, https:\/\/etudes-woolfiennes.org\/wp-content\/uploads\/2018\/06\/Header-6-Fonds-Adolphe-Haberer-1024x341.png 1024w, https:\/\/etudes-woolfiennes.org\/wp-content\/uploads\/2018\/06\/Header-6-Fonds-Adolphe-Haberer-720x240.png 720w, https:\/\/etudes-woolfiennes.org\/wp-content\/uploads\/2018\/06\/Header-6-Fonds-Adolphe-Haberer-560x187.png 560w\" sizes=\"auto, (max-width: 1500px) 100vw, 1500px\" \/><\/figure>\n\n\n\n<p class=\"has-text-align-center\"><\/p>\n\n\n\n<h4 class=\"wp-block-heading has-text-align-center\">L&rsquo;inventaire complet du fonds est consultable en cliquant <span style=\"color: #61728f;\"><a style=\"color: #61728f;\" href=\"http:\/\/etudes-woolfiennes.org\/wp-content\/uploads\/2019\/01\/Inventaire-Fonds-Adolphe-Haberer.pdf\" target=\"_blank\" rel=\"noopener noreferrer\"><u>ici<\/u><\/a><\/span>.<\/h4>\n\n\n\n<figure class=\"wp-block-image aligncenter is-resized\"><img loading=\"lazy\" decoding=\"async\" width=\"3024\" height=\"4032\" src=\"https:\/\/etudes-woolfiennes.org\/wp-content\/uploads\/2019\/11\/IMG_3439.jpg\" alt=\"\" class=\"wp-image-3157\" style=\"width:360px;height:auto\" srcset=\"https:\/\/etudes-woolfiennes.org\/wp-content\/uploads\/2019\/11\/IMG_3439.jpg 3024w, https:\/\/etudes-woolfiennes.org\/wp-content\/uploads\/2019\/11\/IMG_3439-225x300.jpg 225w, https:\/\/etudes-woolfiennes.org\/wp-content\/uploads\/2019\/11\/IMG_3439-768x1024.jpg 768w, https:\/\/etudes-woolfiennes.org\/wp-content\/uploads\/2019\/11\/IMG_3439-720x960.jpg 720w, https:\/\/etudes-woolfiennes.org\/wp-content\/uploads\/2019\/11\/IMG_3439-560x747.jpg 560w\" sizes=\"auto, (max-width: 3024px) 100vw, 3024px\" \/><\/figure>\n\n\n\n<p class=\"has-text-align-center\"><\/p>\n\n\n\n<p class=\"has-text-align-center\">Le fonds a \u00e9t\u00e9 pr\u00e9sent\u00e9 \u00e0 l&rsquo;occasion de la journ\u00e9e doctorale de la SEW \u00ab\u00a0Virginia Woolf \u00e0 l&rsquo;\u00e8re de l&rsquo;\u00e9coute\u00a0\u00bb, tenue le 22 novembre 2019 \u00e0 la Maison de la Recherche (Sorbonne Nouvelle &#8211; Paris 3). Une journ\u00e9e pour le retour des livres emprunt\u00e9s est pr\u00e9vue 3 mois plus tard.<\/p>\n\n\n\n<figure class=\"wp-block-image aligncenter is-resized\"><img loading=\"lazy\" decoding=\"async\" width=\"282\" height=\"280\" src=\"https:\/\/etudes-woolfiennes.org\/wp-content\/uploads\/2017\/12\/p-Insert-3.png\" alt=\"\" class=\"wp-image-2073\" style=\"width:20px;height:auto\" srcset=\"https:\/\/etudes-woolfiennes.org\/wp-content\/uploads\/2017\/12\/p-Insert-3.png 282w, https:\/\/etudes-woolfiennes.org\/wp-content\/uploads\/2017\/12\/p-Insert-3-150x150.png 150w\" sizes=\"auto, (max-width: 282px) 100vw, 282px\" \/><\/figure>\n\n\n\n<p class=\"has-text-align-center\"><\/p>\n\n\n\n<p class=\"has-text-align-center\">Transfert et joyeuse d\u00e9couverte des livres d&rsquo;Adolphe Haberer \u00e0 l&rsquo;universit\u00e9 de Paris 3 &#8211; Sorbonne Nouvelle le 08 <span style=\"color: #61728f;\">juin.<\/span><\/p>\n\n\n\n<figure class=\"wp-block-image aligncenter size-full is-resized\"><img loading=\"lazy\" decoding=\"async\" width=\"480\" height=\"640\" src=\"https:\/\/etudes-woolfiennes.org\/wp-content\/uploads\/2018\/06\/8-juin-I.jpg\" alt=\"\" class=\"wp-image-2865\" style=\"width:320px;height:auto\" srcset=\"https:\/\/etudes-woolfiennes.org\/wp-content\/uploads\/2018\/06\/8-juin-I.jpg 480w, https:\/\/etudes-woolfiennes.org\/wp-content\/uploads\/2018\/06\/8-juin-I-225x300.jpg 225w\" sizes=\"auto, (max-width: 480px) 100vw, 480px\" \/><\/figure>\n\n\n\n<p class=\"has-text-align-center\"><\/p>\n\n\n\n<figure class=\"wp-block-image aligncenter size-full is-resized\"><a href=\"https:\/\/etudes-woolfiennes.org\/wp-content\/uploads\/2018\/06\/8-juin-II.jpg\"><img loading=\"lazy\" decoding=\"async\" width=\"480\" height=\"640\" src=\"https:\/\/etudes-woolfiennes.org\/wp-content\/uploads\/2018\/06\/8-juin-II.jpg\" alt=\"\" class=\"wp-image-2866\" style=\"width:278px;height:auto\" srcset=\"https:\/\/etudes-woolfiennes.org\/wp-content\/uploads\/2018\/06\/8-juin-II.jpg 480w, https:\/\/etudes-woolfiennes.org\/wp-content\/uploads\/2018\/06\/8-juin-II-225x300.jpg 225w\" sizes=\"auto, (max-width: 480px) 100vw, 480px\" \/><\/a><\/figure>\n\n\n\n<p class=\"has-text-align-center\"><\/p>\n\n\n\n<figure class=\"wp-block-image aligncenter is-resized\"><img loading=\"lazy\" decoding=\"async\" width=\"282\" height=\"280\" src=\"https:\/\/etudes-woolfiennes.org\/wp-content\/uploads\/2017\/12\/p-Insert-3.png\" alt=\"\" class=\"wp-image-2073\" style=\"width:20px;height:auto\" srcset=\"https:\/\/etudes-woolfiennes.org\/wp-content\/uploads\/2017\/12\/p-Insert-3.png 282w, https:\/\/etudes-woolfiennes.org\/wp-content\/uploads\/2017\/12\/p-Insert-3-150x150.png 150w\" sizes=\"auto, (max-width: 282px) 100vw, 282px\" \/><\/figure>\n\n\n\n<p class=\"has-text-align-center\"><\/p>\n\n\n\n<p class=\"has-text-align-center\">Le 27 mai a eu lieu la premi\u00e8re \u00e9tape de la cr\u00e9ation d&rsquo;un fonds de livres Adolphe Haberer pour la SEW \u00e0 Paris 3.<br>Anne-Marie Di Biasio, Marie Laniel et Catherine Lanone se sont rendues \u00e0 Beaune o\u00f9 les attendaient Adolphe Haberer et sa femme Elizabeth avec 8 cartons de livres. Le transfert des volumes &#8211; de coffre en coffre &#8211; a \u00e9t\u00e9 suivi d&rsquo;une visite aux magnifiques Hospices de Beaune.<\/p>\n\n\n\n<figure class=\"wp-block-image aligncenter is-resized\"><img loading=\"lazy\" decoding=\"async\" width=\"640\" height=\"426\" src=\"https:\/\/etudes-woolfiennes.org\/wp-content\/uploads\/2018\/06\/27-mai-Fonds-Haberer.jpg\" alt=\"\" class=\"wp-image-2827\" style=\"width:486px;height:auto\" srcset=\"https:\/\/etudes-woolfiennes.org\/wp-content\/uploads\/2018\/06\/27-mai-Fonds-Haberer.jpg 640w, https:\/\/etudes-woolfiennes.org\/wp-content\/uploads\/2018\/06\/27-mai-Fonds-Haberer-300x200.jpg 300w, https:\/\/etudes-woolfiennes.org\/wp-content\/uploads\/2018\/06\/27-mai-Fonds-Haberer-560x373.jpg 560w\" sizes=\"auto, (max-width: 640px) 100vw, 640px\" \/><\/figure>\n\n\n\n<p class=\"has-text-align-center\"><\/p>\n\n\n\n<figure class=\"wp-block-image aligncenter is-resized\"><img loading=\"lazy\" decoding=\"async\" width=\"640\" height=\"480\" src=\"https:\/\/etudes-woolfiennes.org\/wp-content\/uploads\/2018\/06\/27-mai-Hospices-de-Beaune.jpg\" alt=\"\" class=\"wp-image-2828\" style=\"width:488px;height:auto\" srcset=\"https:\/\/etudes-woolfiennes.org\/wp-content\/uploads\/2018\/06\/27-mai-Hospices-de-Beaune.jpg 640w, https:\/\/etudes-woolfiennes.org\/wp-content\/uploads\/2018\/06\/27-mai-Hospices-de-Beaune-300x225.jpg 300w, https:\/\/etudes-woolfiennes.org\/wp-content\/uploads\/2018\/06\/27-mai-Hospices-de-Beaune-560x420.jpg 560w\" sizes=\"auto, (max-width: 640px) 100vw, 640px\" \/><\/figure>\n\n\n\n<p class=\"has-text-align-center\"><\/p>\n\n\n\n<p class=\"has-text-align-center\">Les livres seront transf\u00e9r\u00e9s \u00e0 Paris 3 d\u00e9but juin, ils seront tamponn\u00e9s \u00ab\u00a0don d&rsquo;Adolphe Haberer\u00a0\u00bb. Un inventaire sera \u00e9tabli \u00e0 l&rsquo;intention des membres de la SEW pour la rentr\u00e9e 2018, suivi par des informations sur la consultation du fonds.<\/p>\n\n\n\n<p class=\"has-text-align-center\">Nous remercions vivement Adolphe Haberer pour son don g\u00e9n\u00e9reux ainsi que pour ce beau geste de transmission au b\u00e9n\u00e9fice des chercheurs woolfiens qui honore notre Soci\u00e9t\u00e9.<\/p>\n","protected":false},"excerpt":{"rendered":"<p>L&rsquo;inventaire complet du fonds est consultable en cliquant ici. Le fonds a \u00e9t\u00e9 pr\u00e9sent\u00e9 \u00e0 l&rsquo;occasion de la journ\u00e9e doctorale de la SEW \u00ab\u00a0Virginia Woolf \u00e0 l&rsquo;\u00e8re de l&rsquo;\u00e9coute\u00a0\u00bb, tenue le 22 novembre 2019 \u00e0 la Maison de la Recherche (Sorbonne Nouvelle &#8211; Paris 3). Une journ\u00e9e pour le retour des livres emprunt\u00e9s est pr\u00e9vue [&hellip;]<\/p>\n","protected":false},"author":2,"featured_media":0,"parent":0,"menu_order":0,"comment_status":"closed","ping_status":"closed","template":"","meta":{"footnotes":""},"class_list":["post-2853","page","type-page","status-publish","hentry"],"blocksy_meta":[],"_links":{"self":[{"href":"https:\/\/etudes-woolfiennes.org\/index.php?rest_route=\/wp\/v2\/pages\/2853","targetHints":{"allow":["GET"]}}],"collection":[{"href":"https:\/\/etudes-woolfiennes.org\/index.php?rest_route=\/wp\/v2\/pages"}],"about":[{"href":"https:\/\/etudes-woolfiennes.org\/index.php?rest_route=\/wp\/v2\/types\/page"}],"author":[{"embeddable":true,"href":"https:\/\/etudes-woolfiennes.org\/index.php?rest_route=\/wp\/v2\/users\/2"}],"replies":[{"embeddable":true,"href":"https:\/\/etudes-woolfiennes.org\/index.php?rest_route=%2Fwp%2Fv2%2Fcomments&post=2853"}],"version-history":[{"count":10,"href":"https:\/\/etudes-woolfiennes.org\/index.php?rest_route=\/wp\/v2\/pages\/2853\/revisions"}],"predecessor-version":[{"id":4150,"href":"https:\/\/etudes-woolfiennes.org\/index.php?rest_route=\/wp\/v2\/pages\/2853\/revisions\/4150"}],"wp:attachment":[{"href":"https:\/\/etudes-woolfiennes.org\/index.php?rest_route=%2Fwp%2Fv2%2Fmedia&parent=2853"}],"curies":[{"name":"wp","href":"https:\/\/api.w.org\/{rel}","templated":true}]}}