{"id":311,"date":"2010-04-30T11:30:31","date_gmt":"2010-04-30T09:30:31","guid":{"rendered":"http:\/\/etudes-woolfiennes.org\/?page_id=311"},"modified":"2025-02-13T19:37:32","modified_gmt":"2025-02-13T17:37:32","slug":"nous-contacter","status":"publish","type":"page","link":"https:\/\/etudes-woolfiennes.org\/?page_id=311","title":{"rendered":"Nous contacter"},"content":{"rendered":"<p style=\"padding-left: 30px; text-align: center;\"><strong>Pour soumettre une information \u00e0 publier sur le site\u00a0<\/strong>(annonce de soutenance de th\u00e8se, de conf\u00e9rence, publication, suggestion de lien ext\u00e9rieur, etc.), merci de bien vouloir adresser le texte de votre annonce (r\u00e9dig\u00e9 tel que vous souhaitez qu\u2019il apparaisse) \u00e0 Anne Besnault &lt;<a href=\"mailto:anne.besnault@univ-rouen.fr\" target=\"_blank\" rel=\"noopener\"><em>anne.besnault@univ-rouen.fr<\/em><\/a>&gt; ET \u00e0 Charl\u00e8ne Dancoisne &lt;<a href=\"mailto:c.dns@mailfence.com\"><em>c.dns@mailfence.com<\/em><\/a>&gt;.<\/p>\n<p style=\"text-align: center;\"><a href=\"https:\/\/etudes-woolfiennes.org\/wp-content\/uploads\/2017\/12\/p-Insert-4.png\"><img loading=\"lazy\" decoding=\"async\" class=\"alignnone wp-image-2075\" src=\"http:\/\/etudes-woolfiennes.org\/wp-content\/uploads\/2017\/12\/p-Insert-4.png\" alt=\"\" width=\"30\" height=\"30\" \/><\/a><\/p>\n<p style=\"padding-left: 30px; text-align: center;\"><strong>Pour signaler une erreur ou un probl\u00e8me technique<\/strong>, contactez Charl\u00e8ne Dancoisne &lt;<a href=\"mailto:huerre.d@mailfence.com\"><em>c.dns@mailfence.com<\/em><\/a>&gt;.<\/p>\n","protected":false},"excerpt":{"rendered":"<p>Pour soumettre une information \u00e0 publier sur le site\u00a0(annonce de soutenance de th\u00e8se, de conf\u00e9rence, publication, suggestion de lien ext\u00e9rieur, etc.), merci de bien vouloir adresser le texte de votre annonce (r\u00e9dig\u00e9 tel que vous souhaitez qu\u2019il apparaisse) \u00e0 Anne Besnault &lt;anne.besnault@univ-rouen.fr&gt; ET \u00e0 Charl\u00e8ne Dancoisne &lt;c.dns@mailfence.com&gt;. Pour signaler une erreur ou un probl\u00e8me technique, [&hellip;]<\/p>\n","protected":false},"author":1,"featured_media":0,"parent":0,"menu_order":7,"comment_status":"closed","ping_status":"open","template":"","meta":{"footnotes":""},"class_list":["post-311","page","type-page","status-publish","hentry"],"blocksy_meta":[],"_links":{"self":[{"href":"https:\/\/etudes-woolfiennes.org\/index.php?rest_route=\/wp\/v2\/pages\/311","targetHints":{"allow":["GET"]}}],"collection":[{"href":"https:\/\/etudes-woolfiennes.org\/index.php?rest_route=\/wp\/v2\/pages"}],"about":[{"href":"https:\/\/etudes-woolfiennes.org\/index.php?rest_route=\/wp\/v2\/types\/page"}],"author":[{"embeddable":true,"href":"https:\/\/etudes-woolfiennes.org\/index.php?rest_route=\/wp\/v2\/users\/1"}],"replies":[{"embeddable":true,"href":"https:\/\/etudes-woolfiennes.org\/index.php?rest_route=%2Fwp%2Fv2%2Fcomments&post=311"}],"version-history":[{"count":29,"href":"https:\/\/etudes-woolfiennes.org\/index.php?rest_route=\/wp\/v2\/pages\/311\/revisions"}],"predecessor-version":[{"id":4329,"href":"https:\/\/etudes-woolfiennes.org\/index.php?rest_route=\/wp\/v2\/pages\/311\/revisions\/4329"}],"wp:attachment":[{"href":"https:\/\/etudes-woolfiennes.org\/index.php?rest_route=%2Fwp%2Fv2%2Fmedia&parent=311"}],"curies":[{"name":"wp","href":"https:\/\/api.w.org\/{rel}","templated":true}]}}