{"id":3294,"date":"2020-12-12T20:58:06","date_gmt":"2020-12-12T18:58:06","guid":{"rendered":"http:\/\/etudes-woolfiennes.org\/?page_id=3294"},"modified":"2024-04-23T10:15:38","modified_gmt":"2024-04-23T08:15:38","slug":"newsletter","status":"publish","type":"page","link":"https:\/\/etudes-woolfiennes.org\/?page_id=3294","title":{"rendered":"Newsletter"},"content":{"rendered":"<h2><a href=\"https:\/\/etudes-woolfiennes.org\/wp-content\/uploads\/2020\/12\/Header-Newsletter.png\"><img loading=\"lazy\" decoding=\"async\" class=\"alignnone wp-image-3301 size-full\" src=\"https:\/\/etudes-woolfiennes.org\/wp-content\/uploads\/2020\/12\/Header-Newsletter.png\" alt=\"\" width=\"1500\" height=\"500\" srcset=\"https:\/\/etudes-woolfiennes.org\/wp-content\/uploads\/2020\/12\/Header-Newsletter.png 1500w, https:\/\/etudes-woolfiennes.org\/wp-content\/uploads\/2020\/12\/Header-Newsletter-300x100.png 300w, https:\/\/etudes-woolfiennes.org\/wp-content\/uploads\/2020\/12\/Header-Newsletter-1024x341.png 1024w, https:\/\/etudes-woolfiennes.org\/wp-content\/uploads\/2020\/12\/Header-Newsletter-768x256.png 768w, https:\/\/etudes-woolfiennes.org\/wp-content\/uploads\/2020\/12\/Header-Newsletter-720x240.png 720w, https:\/\/etudes-woolfiennes.org\/wp-content\/uploads\/2020\/12\/Header-Newsletter-560x187.png 560w\" sizes=\"auto, (max-width: 1500px) 100vw, 1500px\" \/><\/a><\/h2>\n<p style=\"text-align: center;\">Si vous souhaitez recevoir notre newsletter (4 envois par an), vous pouvez vous inscrire via le formulaire ci-dessous. Notez qu&rsquo;en vous inscrivant, vous acceptez que les informations fournies soient conserv\u00e9es jusqu&rsquo;\u00e0 d\u00e9sinscription \u00e9ventuelle de votre part (seule l&rsquo;adresse d&rsquo;envoi est requise).<\/p>\n\n\n<div data-mooform-id=\"7000f7d5-4f00-42c8-840b-7fa538fc7450\">\u00a0<\/div>\n","protected":false},"excerpt":{"rendered":"<p>Si vous souhaitez recevoir notre newsletter (4 envois par an), vous pouvez vous inscrire via le formulaire ci-dessous. Notez qu&rsquo;en vous inscrivant, vous acceptez que les informations fournies soient conserv\u00e9es jusqu&rsquo;\u00e0 d\u00e9sinscription \u00e9ventuelle de votre part (seule l&rsquo;adresse d&rsquo;envoi est requise). \u00a0<\/p>\n","protected":false},"author":2,"featured_media":0,"parent":0,"menu_order":0,"comment_status":"closed","ping_status":"closed","template":"","meta":{"footnotes":""},"class_list":["post-3294","page","type-page","status-publish","hentry"],"blocksy_meta":[],"_links":{"self":[{"href":"https:\/\/etudes-woolfiennes.org\/index.php?rest_route=\/wp\/v2\/pages\/3294","targetHints":{"allow":["GET"]}}],"collection":[{"href":"https:\/\/etudes-woolfiennes.org\/index.php?rest_route=\/wp\/v2\/pages"}],"about":[{"href":"https:\/\/etudes-woolfiennes.org\/index.php?rest_route=\/wp\/v2\/types\/page"}],"author":[{"embeddable":true,"href":"https:\/\/etudes-woolfiennes.org\/index.php?rest_route=\/wp\/v2\/users\/2"}],"replies":[{"embeddable":true,"href":"https:\/\/etudes-woolfiennes.org\/index.php?rest_route=%2Fwp%2Fv2%2Fcomments&post=3294"}],"version-history":[{"count":25,"href":"https:\/\/etudes-woolfiennes.org\/index.php?rest_route=\/wp\/v2\/pages\/3294\/revisions"}],"predecessor-version":[{"id":4153,"href":"https:\/\/etudes-woolfiennes.org\/index.php?rest_route=\/wp\/v2\/pages\/3294\/revisions\/4153"}],"wp:attachment":[{"href":"https:\/\/etudes-woolfiennes.org\/index.php?rest_route=%2Fwp%2Fv2%2Fmedia&parent=3294"}],"curies":[{"name":"wp","href":"https:\/\/api.w.org\/{rel}","templated":true}]}}