{"id":34,"date":"2010-03-24T20:14:28","date_gmt":"2010-03-24T19:14:28","guid":{"rendered":"http:\/\/etudes-woolfiennes.org\/?page_id=34"},"modified":"2026-02-17T10:31:36","modified_gmt":"2026-02-17T08:31:36","slug":"bio-bibliographie-des-membres-de-la-sew","status":"publish","type":"page","link":"https:\/\/etudes-woolfiennes.org\/?page_id=34","title":{"rendered":"Membres"},"content":{"rendered":"\n<h4 class=\"wp-block-heading\">Membres de la SEW<\/h4>\n\n\n\n<div style=\"height:10px\" aria-hidden=\"true\" class=\"wp-block-spacer\"><\/div>\n\n\n\n<p>ABEL Elizabeth<br><br>BERNARD Catherine<br><br>BESNAULT Anne<\/p>\n\n\n\n<p>BERQUIEZ Ivan<br><br>BOISSET-PESTOURIE Marie-Claire<br><br>CASSIGNEUL Ad\u00e8le<br><br>DANCOISNE Charl\u00e8ne<br><br>DAVISON Claire<br><br>DIVET Manon<br><br>ELDRIDGE Nina<br><br>FAVRE Val\u00e9rie<br><br>GOLDMAN Jane<br><br>HABERER Adolphe (membre d&rsquo;honneur)<br><br>HAFFEN Aude<br><br>H\u00d6GBERG Elsa<br><br>LACOSTE Valentine<br><br>LANIEL Marie<br><br>LE BRUN Xavier<br><br>LOPOUKHINE Juliana<br><br>MELLET Laurent<\/p>\n\n\n\n<p>MALINOWSKI Evelyn<br><br>PAVEC Nathalie<br><br>POLLENTIER Caroline<br><br>REVIRON-PI\u00c9GAY Floriane<br><br>REYNIER Christine<br><br>RIGEADE Anne-Laure<br><br>SMITH-DI BIASIO Anne-Marie<\/p>\n\n\n\n<p>STIOUI Julitte<br><br>SWEENEY Emma<br><br>TOLLANCE Pascale<br><br><\/p>\n","protected":false},"excerpt":{"rendered":"<p>Membres de la SEW ABEL Elizabeth BERNARD Catherine BESNAULT Anne BERQUIEZ Ivan BOISSET-PESTOURIE Marie-Claire CASSIGNEUL Ad\u00e8le DANCOISNE Charl\u00e8ne DAVISON Claire DIVET Manon ELDRIDGE Nina FAVRE Val\u00e9rie GOLDMAN Jane HABERER Adolphe (membre d&rsquo;honneur) HAFFEN Aude H\u00d6GBERG Elsa LACOSTE Valentine LANIEL Marie LE BRUN Xavier LOPOUKHINE Juliana MELLET Laurent MALINOWSKI Evelyn PAVEC Nathalie POLLENTIER Caroline REVIRON-PI\u00c9GAY Floriane [&hellip;]<\/p>\n","protected":false},"author":1,"featured_media":0,"parent":0,"menu_order":3,"comment_status":"closed","ping_status":"open","template":"","meta":{"footnotes":""},"class_list":["post-34","page","type-page","status-publish","hentry"],"blocksy_meta":[],"_links":{"self":[{"href":"https:\/\/etudes-woolfiennes.org\/index.php?rest_route=\/wp\/v2\/pages\/34","targetHints":{"allow":["GET"]}}],"collection":[{"href":"https:\/\/etudes-woolfiennes.org\/index.php?rest_route=\/wp\/v2\/pages"}],"about":[{"href":"https:\/\/etudes-woolfiennes.org\/index.php?rest_route=\/wp\/v2\/types\/page"}],"author":[{"embeddable":true,"href":"https:\/\/etudes-woolfiennes.org\/index.php?rest_route=\/wp\/v2\/users\/1"}],"replies":[{"embeddable":true,"href":"https:\/\/etudes-woolfiennes.org\/index.php?rest_route=%2Fwp%2Fv2%2Fcomments&post=34"}],"version-history":[{"count":140,"href":"https:\/\/etudes-woolfiennes.org\/index.php?rest_route=\/wp\/v2\/pages\/34\/revisions"}],"predecessor-version":[{"id":4536,"href":"https:\/\/etudes-woolfiennes.org\/index.php?rest_route=\/wp\/v2\/pages\/34\/revisions\/4536"}],"wp:attachment":[{"href":"https:\/\/etudes-woolfiennes.org\/index.php?rest_route=%2Fwp%2Fv2%2Fmedia&parent=34"}],"curies":[{"name":"wp","href":"https:\/\/api.w.org\/{rel}","templated":true}]}}