{"id":4454,"date":"2025-10-09T18:34:46","date_gmt":"2025-10-09T16:34:46","guid":{"rendered":"https:\/\/etudes-woolfiennes.org\/?page_id=4454"},"modified":"2025-10-09T18:39:43","modified_gmt":"2025-10-09T16:39:43","slug":"don","status":"publish","type":"page","link":"https:\/\/etudes-woolfiennes.org\/?page_id=4454","title":{"rendered":"Faire un don"},"content":{"rendered":"\n<h2 class=\"wp-block-heading\">Don<\/h2>\n\n\n\n<p>La Soci\u00e9t\u00e9 d&rsquo;\u00c9tudes Woolfiennes est une petite soci\u00e9t\u00e9 acad\u00e9mique sp\u00e9cialis\u00e9e qui ne touche de revenus que de la cotisation annuelle de ses membres. Afin d&rsquo;aider financi\u00e8rement la SEW sans en devenir membre, nous vous proposons le formulaire ci-dessous pour effectuer un don ponctuel par carte bancaire.<br>Notez que la SEW n&rsquo;est pas habilit\u00e9e \u00e0 \u00e9mettre des re\u00e7us fiscaux. <\/p>\n\n\n\n<iframe loading=\"lazy\" width=\"950\" height=\"750\" src=\"https:\/\/sew.s2.yapla.com\/fr\/campaign-13372\"><\/iframe>\n","protected":false},"excerpt":{"rendered":"<p>Don La Soci\u00e9t\u00e9 d&rsquo;\u00c9tudes Woolfiennes est une petite soci\u00e9t\u00e9 acad\u00e9mique sp\u00e9cialis\u00e9e qui ne touche de revenus que de la cotisation annuelle de ses membres. Afin d&rsquo;aider financi\u00e8rement la SEW sans en devenir membre, nous vous proposons le formulaire ci-dessous pour effectuer un don ponctuel par carte bancaire.Notez que la SEW n&rsquo;est pas habilit\u00e9e \u00e0 \u00e9mettre [&hellip;]<\/p>\n","protected":false},"author":2,"featured_media":0,"parent":0,"menu_order":0,"comment_status":"closed","ping_status":"closed","template":"","meta":{"footnotes":""},"class_list":["post-4454","page","type-page","status-publish","hentry"],"blocksy_meta":[],"_links":{"self":[{"href":"https:\/\/etudes-woolfiennes.org\/index.php?rest_route=\/wp\/v2\/pages\/4454","targetHints":{"allow":["GET"]}}],"collection":[{"href":"https:\/\/etudes-woolfiennes.org\/index.php?rest_route=\/wp\/v2\/pages"}],"about":[{"href":"https:\/\/etudes-woolfiennes.org\/index.php?rest_route=\/wp\/v2\/types\/page"}],"author":[{"embeddable":true,"href":"https:\/\/etudes-woolfiennes.org\/index.php?rest_route=\/wp\/v2\/users\/2"}],"replies":[{"embeddable":true,"href":"https:\/\/etudes-woolfiennes.org\/index.php?rest_route=%2Fwp%2Fv2%2Fcomments&post=4454"}],"version-history":[{"count":3,"href":"https:\/\/etudes-woolfiennes.org\/index.php?rest_route=\/wp\/v2\/pages\/4454\/revisions"}],"predecessor-version":[{"id":4457,"href":"https:\/\/etudes-woolfiennes.org\/index.php?rest_route=\/wp\/v2\/pages\/4454\/revisions\/4457"}],"wp:attachment":[{"href":"https:\/\/etudes-woolfiennes.org\/index.php?rest_route=%2Fwp%2Fv2%2Fmedia&parent=4454"}],"curies":[{"name":"wp","href":"https:\/\/api.w.org\/{rel}","templated":true}]}}