{"id":57,"date":"2010-03-25T00:01:36","date_gmt":"2010-03-24T22:01:36","guid":{"rendered":"http:\/\/etudes-woolfiennes.org\/?page_id=57"},"modified":"2025-12-23T15:35:17","modified_gmt":"2025-12-23T13:35:17","slug":"presentation-de-la-societe","status":"publish","type":"page","link":"https:\/\/etudes-woolfiennes.org\/","title":{"rendered":"Pr\u00e9sentation de la SEW"},"content":{"rendered":"\n<figure class=\"wp-block-image aligncenter size-large is-resized\"><img loading=\"lazy\" decoding=\"async\" width=\"1024\" height=\"142\" src=\"https:\/\/etudes-woolfiennes.org\/wp-content\/uploads\/2017\/12\/SEW-Presentation-TOP-White-frame-1024x142.jpeg\" alt=\"\" class=\"wp-image-2065\" style=\"width:833px;height:auto\" srcset=\"https:\/\/etudes-woolfiennes.org\/wp-content\/uploads\/2017\/12\/SEW-Presentation-TOP-White-frame-1024x142.jpeg 1024w, https:\/\/etudes-woolfiennes.org\/wp-content\/uploads\/2017\/12\/SEW-Presentation-TOP-White-frame-300x42.jpeg 300w, https:\/\/etudes-woolfiennes.org\/wp-content\/uploads\/2017\/12\/SEW-Presentation-TOP-White-frame-768x107.jpeg 768w, https:\/\/etudes-woolfiennes.org\/wp-content\/uploads\/2017\/12\/SEW-Presentation-TOP-White-frame-720x100.jpeg 720w, https:\/\/etudes-woolfiennes.org\/wp-content\/uploads\/2017\/12\/SEW-Presentation-TOP-White-frame-560x78.jpeg 560w\" sizes=\"auto, (max-width: 1024px) 100vw, 1024px\" \/><\/figure>\n\n\n\n<div style=\"height:15px\" aria-hidden=\"true\" class=\"wp-block-spacer\"><\/div>\n\n\n\n<h4 class=\"wp-block-heading has-text-align-center\">Bienvenue sur le site de la SEW !<\/h4>\n\n\n\n<div style=\"height:15px\" aria-hidden=\"true\" class=\"wp-block-spacer\"><\/div>\n\n\n\n<p class=\"has-text-align-center\">Fond\u00e9e en 1996, il y aura bient\u00f4t trente ans, par Christine Reynier, la SEW fait rayonner en France et \u00e0 l\u2019\u00e9tranger les \u00e9tudes woolfiennes gr\u00e2ce aux colloques qu\u2019elle organise tous les deux ans dans une universit\u00e9 fran\u00e7aise (Nancy, Saint-\u00c9tienne, Aix-en-Provence, Toulouse, Montpellier, Paris, Rouen, pour ne donner que ces quelques exemples), aux ateliers communs organis\u00e9s chaque ann\u00e9e, avec la Soci\u00e9t\u00e9 d\u2019\u00c9tudes Modernistes, au congr\u00e8s de la SAES\u2009; gr\u00e2ce, aussi, aux nombreux \u00e9v\u00e9nements annuels qui t\u00e9moignent de la richesse des propositions \u00e9manant de ses membres en collaboration avec d\u2019autres soci\u00e9t\u00e9s savantes, milieux litt\u00e9raires et artistiques&nbsp;: s\u00e9minaires et cycles de s\u00e9minaires\u2009; tables rondes\u2009; ateliers de pr\u00e9paration aux colloques\u2009; rencontres anim\u00e9es par des libraires\u2009; publications d\u2019actes de colloques, monographies, articles dans des revues scientifiques, traductions, cr\u00e9ation du fonds Haberer, diffusion d\u2019une <em>Newsletter<\/em>.&nbsp;Il suffit de \u00ab\u2009cliquer\u2009\u00bb sur les liens propos\u00e9s par notre site pour voir la diversit\u00e9 et la richesse de ces activit\u00e9s qui incarnent tout \u00e0 la fois l\u2019ancrage de notre soci\u00e9t\u00e9 dans le monde acad\u00e9mique, et la volont\u00e9 d\u2019ouvrir celle-ci \u00e0 de nouvelles formes de participation et de contribution. Pour ce bureau comme pour les pr\u00e9c\u00e9dents, il s\u2019agit, en effet, d\u2019accueillir doctorants et enseignants-chercheurs, sp\u00e9cialistes du monde anglophone, mais aussi d\u2019art, d\u2019histoire, et de litt\u00e9rature compar\u00e9e, universitaires et \u00ab\u2009amateurs\u2009\u00bb \u00e9clair\u00e9s. Nos \u00ab\u2009conversations\u2009\u00bb, pour reprendre un terme cher \u00e0 l\u2019autrice d\u2019<em>Orlando<\/em> (au programme de l\u2019agr\u00e9gation en 2024-2026 gr\u00e2ce au travail de notre ancien bureau) se veulent fid\u00e8les \u00e0 l\u2019esprit de Woolf&nbsp;: exigeantes, mais accessibles au \u00ab\u2009common reader\u2009\u00bb, ouvertes sur le futur sans effacer la trace des h\u00e9ritages qui les ont fait na\u00eetre, toujours dans un esprit d\u2019\u00e9changes d\u00e9mocratiques, et d\u2019ouverture aux coll\u00e8gues \u00e9trangers comme au grand public.<\/p>\n\n\n\n<p class=\"has-text-align-center\">Dans le m\u00eame esprit, notre site vise \u00e0 donner plus de visibilit\u00e9 aux diff\u00e9rentes manifestations qui y figurent, gr\u00e2ce notamment au talent de notre webmestre Charl\u00e8ne Dancoisne (<a href=\"mailto:c.dns@mailfence.com\">c.dns@mailfence.com<\/a>), laquelle peut recevoir, au m\u00eame titre que notre tr\u00e9sori\u00e8re Ad\u00e8le Cassigneul (<a href=\"mailto:adele.cassigneul@hotmail.fr\">adele.cassigneul@hotmail.fr<\/a>), notre Vice-Pr\u00e9sidente Marie Laniel (<a href=\"mailto:marie.laniel@gmail.com\">marie.laniel@gmail.com<\/a>), notre Vice-Pr\u00e9sident\uff65e Val\u00e9rie Favre (<a href=\"mailto:vrfavre@gmail.com\"><u>vrfavre@gmail.com<\/u><\/a>) et notre secr\u00e9taire Floriane Reviron-Pi\u00e9gay (<a href=\"mailto:floriane.reviron.piegay@univ-st-etienne.fr\">floriane.reviron.piegay@univ-st-etienne.fr<\/a>), des informations et des recommandations des membres de la soci\u00e9t\u00e9, mais aussi de celles et ceux qui s\u2019int\u00e9ressent \u00e0 l\u2019\u0153uvre de Woolf et qui souhaitent que celle-ci soit connue du plus grand nombre dans toute sa complexit\u00e9, et sa contemporan\u00e9it\u00e9. Il est par ailleurs facile d\u2019adh\u00e9rer \u00e0 notre soci\u00e9t\u00e9 en cliquant sur l\u2019onglet destin\u00e9 \u00e0 cet effet, que vous soyez doctorant-e, enseignant.e, chercheur ou chercheuse, ou int\u00e9ress\u00e9.e par nos activit\u00e9s. Votre adh\u00e9sion (25&nbsp;euros, et 17&nbsp;euros pour les mast\u00e9rant.e.s et doctorant.e.s) est une fa\u00e7on de soutenir nos projets ainsi que la diffusion de la recherche woolfienne en France et \u00e0 l\u2019\u00e9tranger\u2009; elle donne droit \u00e0 certains avantages que vous d\u00e9couvrirez en t\u00e9l\u00e9chargeant le bulletin d\u2019adh\u00e9sion.<\/p>\n\n\n\n<p class=\"has-text-align-center\">Bienvenue donc, \u00e0 toutes et \u00e0 tous, sur notre site, et, si vous le souhaitez, au sein de notre soci\u00e9t\u00e9.<\/p>\n\n\n\n<p class=\"has-text-align-right\">Anne Besnault<\/p>\n\n\n\n<div class=\"wp-block-buttons is-content-justification-center is-layout-flex wp-container-core-buttons-is-layout-a89b3969 wp-block-buttons-is-layout-flex\">\n<div class=\"wp-block-button is-style-outline is-style-outline--1\"><a class=\"wp-block-button__link wp-element-button\" href=\"https:\/\/etudes-woolfiennes.org\/?page_id=47\">Adh\u00e9rer \u00e0 la SEW<\/a><\/div>\n<\/div>\n\n\n\n<figure class=\"wp-block-image aligncenter is-resized\"><img loading=\"lazy\" decoding=\"async\" width=\"282\" height=\"280\" src=\"https:\/\/etudes-woolfiennes.org\/wp-content\/uploads\/2017\/12\/p-Insert-1.png\" alt=\"\" class=\"wp-image-2064\" style=\"width:27px;height:auto\" srcset=\"https:\/\/etudes-woolfiennes.org\/wp-content\/uploads\/2017\/12\/p-Insert-1.png 282w, https:\/\/etudes-woolfiennes.org\/wp-content\/uploads\/2017\/12\/p-Insert-1-150x150.png 150w\" sizes=\"auto, (max-width: 282px) 100vw, 282px\" \/><\/figure>\n\n\n\n<p class=\"has-text-align-center\">Founded in 1996, almost thirty years ago, by Christine Reynier, the SEW promotes Woolfian studies in France and abroad, thanks to the conferences it organises every two years in a French university (Nancy, Saint-\u00c9tienne, Aix-en-Provence, Toulouse, Montpellier, Paris, Rouen, to give just a few examples), the yearly joint workshops organized with the Soci\u00e9t\u00e9 d&rsquo;\u00c9tudes Modernistes at the SAES congress, and thanks to the many annual events that testify to the significant collaboration of its members with other learned societies, literary and artistic circles: seminars and seminar cycles; round tables; preparatory workshops for symposia; meetings in cooperation with booksellers; publications of symposium proceedings, monographs, articles in scientific journals and translations; diffusion of a <em>Newsletter<\/em>; and creation of the Adolphe Haberer Book Stock. One easy \u201cclick\u201d on the links on our website and you will see the diversity of these activities as they showcase our society\u2019s links with the academic world along with our desire to open it up to new collaborations. For the members of the newly elected \u201cbureau\u201d, as for its predecessors, the aim is to welcome doctoral students and teacher-researchers, specialists in English literature, but also in art, history and comparative literature, academics and enlightened \u201camateurs\u201d. We want our \u201cconversations\u201d, to use a term dear to the author of <em>Orlando<\/em> (on the Agr\u00e9gation syllabus) to be faithful to Woolf&rsquo;s spirit: demanding, yet accessible to the \u201ccommon reader\u201d, open to the future without erasing the trace of the past, grounded in a spirit of democratic collaboration and openness.<\/p>\n\n\n\n<p class=\"has-text-align-center\">In the same spirit, our website aims to give greater visibility to the various events that feature on it, thanks in particular to the talent of our webmaster Charl\u00e8ne Dancoisne (<a href=\"mailto:c.dns@mailfence.com\">c.dns@mailfence.com<\/a>), who can welcome, along with our treasurer Ad\u00e8le Cassigneul (<a href=\"mailto:adele.cassigneul@hotmail.fr\">adele.cassigneul@hotmail.fr<\/a>), our Vice-Presidents Marie Laniel (<a href=\"mailto:marie.laniel@gmail.com\">marie.laniel@gmail.com<\/a>) and Val\u00e9rie Favre (<a href=\"mailto:vrfavre@gmail.com\"><u>vrfavre@gmail.com<\/u><\/a>) and our Secretary Floriane Reviron-Pi\u00e9gay (<a href=\"mailto:floriane.reviron.piegay@univ-st-etienne.fr\">floriane.reviron.piegay@univ-st-etienne.fr<\/a>), information and recommendations from members of the society, as well as from those interested in making Woolf&rsquo;s work known in all its complexity and contemporaneity. It&rsquo;s easy to join our society by clicking on the appropriate tab, whether you\u2019re a doctoral student, teacher, researcher, or simply interested in our activities. Your membership (25 euros, and 17 euros for master&rsquo;s and doctoral students) is a way of supporting our projects and the dissemination of Woolf scholarship in France and abroad. It entitles you to certain benefits which you will discover by downloading the membership form.<\/p>\n\n\n\n<p class=\"has-text-align-center\">Welcome to our website and, if you wish, to our society.<\/p>\n\n\n\n<p class=\"has-text-align-right\">Anne Besnault<\/p>\n\n\n\n<div class=\"wp-block-buttons is-content-justification-center is-layout-flex wp-container-core-buttons-is-layout-a89b3969 wp-block-buttons-is-layout-flex\">\n<div class=\"wp-block-button is-style-outline is-style-outline--2\"><a class=\"wp-block-button__link wp-element-button\" href=\"https:\/\/etudes-woolfiennes.org\/?page_id=47\">Join the SEW<\/a><\/div>\n<\/div>\n\n\n\n<div style=\"height:50px\" aria-hidden=\"true\" class=\"wp-block-spacer\"><\/div>\n\n\n\n<figure class=\"wp-block-image aligncenter is-resized\"><img loading=\"lazy\" decoding=\"async\" width=\"2467\" height=\"331\" src=\"https:\/\/etudes-woolfiennes.org\/wp-content\/uploads\/2017\/12\/SEW-Presentation-BOTTOM-White-frame.jpeg\" alt=\"\" class=\"wp-image-2066\" style=\"width:840px;height:auto\" srcset=\"https:\/\/etudes-woolfiennes.org\/wp-content\/uploads\/2017\/12\/SEW-Presentation-BOTTOM-White-frame.jpeg 2467w, https:\/\/etudes-woolfiennes.org\/wp-content\/uploads\/2017\/12\/SEW-Presentation-BOTTOM-White-frame-300x40.jpeg 300w, https:\/\/etudes-woolfiennes.org\/wp-content\/uploads\/2017\/12\/SEW-Presentation-BOTTOM-White-frame-768x103.jpeg 768w, https:\/\/etudes-woolfiennes.org\/wp-content\/uploads\/2017\/12\/SEW-Presentation-BOTTOM-White-frame-1024x137.jpeg 1024w, https:\/\/etudes-woolfiennes.org\/wp-content\/uploads\/2017\/12\/SEW-Presentation-BOTTOM-White-frame-720x97.jpeg 720w, https:\/\/etudes-woolfiennes.org\/wp-content\/uploads\/2017\/12\/SEW-Presentation-BOTTOM-White-frame-560x75.jpeg 560w\" sizes=\"auto, (max-width: 2467px) 100vw, 2467px\" \/><\/figure>\n","protected":false},"excerpt":{"rendered":"<p>Bienvenue sur le site de la SEW ! Fond\u00e9e en 1996, il y aura bient\u00f4t trente ans, par Christine Reynier, la SEW fait rayonner en France et \u00e0 l\u2019\u00e9tranger les \u00e9tudes woolfiennes gr\u00e2ce aux colloques qu\u2019elle organise tous les deux ans dans une universit\u00e9 fran\u00e7aise (Nancy, Saint-\u00c9tienne, Aix-en-Provence, Toulouse, Montpellier, Paris, Rouen, pour ne donner [&hellip;]<\/p>\n","protected":false},"author":1,"featured_media":0,"parent":0,"menu_order":1,"comment_status":"closed","ping_status":"closed","template":"","meta":{"footnotes":""},"class_list":["post-57","page","type-page","status-publish","hentry"],"blocksy_meta":[],"_links":{"self":[{"href":"https:\/\/etudes-woolfiennes.org\/index.php?rest_route=\/wp\/v2\/pages\/57","targetHints":{"allow":["GET"]}}],"collection":[{"href":"https:\/\/etudes-woolfiennes.org\/index.php?rest_route=\/wp\/v2\/pages"}],"about":[{"href":"https:\/\/etudes-woolfiennes.org\/index.php?rest_route=\/wp\/v2\/types\/page"}],"author":[{"embeddable":true,"href":"https:\/\/etudes-woolfiennes.org\/index.php?rest_route=\/wp\/v2\/users\/1"}],"replies":[{"embeddable":true,"href":"https:\/\/etudes-woolfiennes.org\/index.php?rest_route=%2Fwp%2Fv2%2Fcomments&post=57"}],"version-history":[{"count":115,"href":"https:\/\/etudes-woolfiennes.org\/index.php?rest_route=\/wp\/v2\/pages\/57\/revisions"}],"predecessor-version":[{"id":4516,"href":"https:\/\/etudes-woolfiennes.org\/index.php?rest_route=\/wp\/v2\/pages\/57\/revisions\/4516"}],"wp:attachment":[{"href":"https:\/\/etudes-woolfiennes.org\/index.php?rest_route=%2Fwp%2Fv2%2Fmedia&parent=57"}],"curies":[{"name":"wp","href":"https:\/\/api.w.org\/{rel}","templated":true}]}}